{"id":34370,"date":"2024-12-17T14:22:05","date_gmt":"2024-12-17T11:22:05","guid":{"rendered":"https:\/\/bilirbasim.com.tr\/?page_id=34370"},"modified":"2025-02-05T10:40:23","modified_gmt":"2025-02-05T07:40:23","slug":"paper-cardboard-bags","status":"publish","type":"page","link":"https:\/\/bilirbasim.com.tr\/en\/our-services-2\/paper-cardboard-bags\/","title":{"rendered":"PAPER &amp; CARDBOARD BAGS"},"content":{"rendered":"<p>[et_pb_section fb_built=&#8221;1&#8243; fullwidth=&#8221;on&#8221; _builder_version=&#8221;4.27.4&#8243; _module_preset=&#8221;default&#8221; global_colors_info=&#8221;{}&#8221;][et_pb_fullwidth_header title=&#8221;PAPER &amp; CARDBOARD BAG&#8221; text_orientation=&#8221;center&#8221; _builder_version=&#8221;4.27.4&#8243; _module_preset=&#8221;default&#8221; title_font=&#8221;|600||on|||||&#8221; title_text_align=&#8221;center&#8221; title_font_size=&#8221;33px&#8221; background_color=&#8221;#85764f&#8221; custom_padding=&#8221;30px||29px|||&#8221; global_colors_info=&#8221;{}&#8221;][\/et_pb_fullwidth_header][\/et_pb_section][et_pb_section fb_built=&#8221;1&#8243; _builder_version=&#8221;4.18.0&#8243; _module_preset=&#8221;default&#8221; global_colors_info=&#8221;{}&#8221;][et_pb_row _builder_version=&#8221;4.27.4&#8243; _module_preset=&#8221;default&#8221; global_colors_info=&#8221;{}&#8221;][et_pb_column type=&#8221;4_4&#8243; _builder_version=&#8221;4.18.0&#8243; _module_preset=&#8221;default&#8221; global_colors_info=&#8221;{}&#8221;][et_pb_text _builder_version=&#8221;4.27.4&#8243; _module_preset=&#8221;default&#8221; locked=&#8221;off&#8221; global_colors_info=&#8221;{}&#8221;]<\/p>\n<p><strong>&#8220;Durable and Stylish Paper and Cardboard Bags&#8221;<\/strong><\/p>\n<p>Custom-designed paper and cardboard bags carrying your brand combine aesthetics and durability. Our bags, produced from high-quality materials, are both environmentally friendly and functional. We offer solutions tailored to your needs with different size and design options.  <\/p>\n<p>Ka\u011f\u0131t ve karton \u00e7anta \u00fcretiminde, pazar\u0131n\u0131za uygun \u015f\u0131kl\u0131\u011f\u0131 ve dayan\u0131kl\u0131l\u0131\u011f\u0131 sa\u011flamak i\u00e7in \u00f6zel \u00fcretim hizmeti de sunmaktay\u0131z. Markan\u0131z\u0131 en iyi \u015fekilde temsil edecek \u00e7antalar i\u00e7in do\u011fru adres!..<\/p>\n<p>[\/et_pb_text][et_pb_gallery posts_number=&#8221;50&#8243; show_title_and_caption=&#8221;off&#8221; show_pagination=&#8221;off&#8221; _builder_version=&#8221;4.27.4&#8243; _module_preset=&#8221;default&#8221; hover_enabled=&#8221;0&#8243; global_colors_info=&#8221;{}&#8221; gallery_ids=&#8221;35228,35230,35232,35234,35236,35238,35240,35242,35244,35246,35248,35250,35252,35254,35256,35258,35260,35262,35264,35266,35268,35270,35272,35274,35276,35278,35280,35282,35284,35286,35288,35290,35292,35294,35296,35298,35300,35302,35304&#8243; box_shadow_style_image=&#8221;preset6&#8243; sticky_enabled=&#8221;0&#8243;][\/et_pb_gallery][\/et_pb_column][\/et_pb_row][et_pb_row _builder_version=&#8221;4.18.0&#8243; _module_preset=&#8221;default&#8221; global_colors_info=&#8221;{}&#8221;][et_pb_column type=&#8221;4_4&#8243; _builder_version=&#8221;4.18.0&#8243; _module_preset=&#8221;default&#8221; global_colors_info=&#8221;{}&#8221;][et_pb_text _builder_version=&#8221;4.18.0&#8243; _module_preset=&#8221;default&#8221; text_font=&#8221;Quicksand||||||||&#8221; text_text_color=&#8221;#5E5E5E&#8221; text_font_size=&#8221;15px&#8221; global_colors_info=&#8221;{}&#8221;]<\/p>\n<section class=\"av_textblock_section av-uqtry-cd9ef6f0e1cfad80dad8783ee9cc1ad4\" itemscope=\"itemscope\" itemtype=\"https:\/\/schema.org\/BlogPosting\" itemprop=\"blogPost\">\n<div class=\"avia_textblock\" itemprop=\"text\">\n<p><strong><span style=\"color: #b89544;\">Tags :<\/span> packaging printing, packaging printing types, packaging printing prices, packaging printing companies, packaging printing, packaging printing, cardboard bag printing, cardboard bag printed, cardboard bag unprinted, cardboard bag printing, printed cardboard bag prices, Istanbul printing cardboard bag printing, bilir printing cardboard bag<\/strong><\/p>\n<\/div>\n<\/section>\n<div class=\"av-special-heading av-px2di-404717e064f278b707728eb09be3e2f0 av-special-heading-h3 avia-builder-el-4 el_after_av_textblock el_before_av_blog \"><\/div>\n<p>[\/et_pb_text][\/et_pb_column][\/et_pb_row][\/et_pb_section][et_pb_section fb_built=&#8221;1&#8243; _builder_version=&#8221;4.20.1&#8243; _module_preset=&#8221;default&#8221; top_divider_style=&#8221;arrow&#8221; top_divider_color=&#8221;gcid-f2786ab9-77c0-4d21-a90b-54928f56e355&#8243; top_divider_height=&#8221;3px&#8221; bottom_divider_style=&#8221;asymmetric2&#8243; bottom_divider_color=&#8221;RGBA(163,151,128,0.49)&#8221; bottom_divider_height=&#8221;7px&#8221; bottom_divider_repeat=&#8221;1x&#8221; bottom_divider_flip=&#8221;horizontal&#8221; bottom_divider_arrangement=&#8221;above_content&#8221; saved_tabs=&#8221;all&#8221; locked=&#8221;off&#8221; global_colors_info=&#8221;{%22gcid-f2786ab9-77c0-4d21-a90b-54928f56e355%22:%91%22top_divider_color%22%93}&#8221;][et_pb_row use_custom_gutter=&#8221;on&#8221; make_equal=&#8221;on&#8221; _builder_version=&#8221;4.20.1&#8243; _module_preset=&#8221;default&#8221; module_alignment=&#8221;center&#8221; global_colors_info=&#8221;{}&#8221;][et_pb_column type=&#8221;4_4&#8243; _builder_version=&#8221;4.19.4&#8243; _module_preset=&#8221;default&#8221; link_option_url=&#8221;https:\/\/bilirbasim.com.tr\/en\/our-services\/food-safe-boxes\/sushi-box\/&#8221; global_colors_info=&#8221;{}&#8221;][et_pb_text _builder_version=&#8221;4.27.4&#8243; _module_preset=&#8221;default&#8221; header_font=&#8221;|700|||||||&#8221; header_3_font=&#8221;Quicksand|500|||||||&#8221; header_3_font_size=&#8221;20px&#8221; custom_margin=&#8221;||||false|false&#8221; custom_padding=&#8221;||||false|false&#8221; global_colors_info=&#8221;{}&#8221;]<\/p>\n<h1 class=\"av-special-heading-tag\" itemprop=\"headline\" style=\"text-align: center;\">Related Products<\/h1>\n<div class=\"special-heading-border\"><\/div>\n<p>[\/et_pb_text][\/et_pb_column][\/et_pb_row][\/et_pb_section][et_pb_section fb_built=&#8221;1&#8243; _builder_version=&#8221;4.27.4&#8243; _module_preset=&#8221;default&#8221; top_divider_style=&#8221;arrow&#8221; top_divider_color=&#8221;gcid-f2786ab9-77c0-4d21-a90b-54928f56e355&#8243; top_divider_height=&#8221;3px&#8221; bottom_divider_style=&#8221;asymmetric2&#8243; bottom_divider_color=&#8221;RGBA(163,151,128,0.49)&#8221; bottom_divider_height=&#8221;7px&#8221; bottom_divider_repeat=&#8221;1x&#8221; bottom_divider_flip=&#8221;horizontal&#8221; bottom_divider_arrangement=&#8221;above_content&#8221; global_module=&#8221;34398&#8243; saved_tabs=&#8221;all&#8221; locked=&#8221;off&#8221; global_colors_info=&#8221;{%22gcid-f2786ab9-77c0-4d21-a90b-54928f56e355%22:%91%22top_divider_color%22%93}&#8221;][et_pb_row column_structure=&#8221;1_3,1_3,1_3&#8243; _builder_version=&#8221;4.27.4&#8243; _module_preset=&#8221;default&#8221; custom_padding=&#8221;||5px|||&#8221; animation_style=&#8221;flip&#8221; global_colors_info=&#8221;{}&#8221;][et_pb_column type=&#8221;1_3&#8243; _builder_version=&#8221;4.18.0&#8243; _module_preset=&#8221;default&#8221; global_colors_info=&#8221;{}&#8221;][et_pb_blurb title=&#8221;GIFT BOXES&#8221; url=&#8221;@ET-DC@eyJkeW5hbWljIjp0cnVlLCJjb250ZW50IjoicG9zdF9saW5rX3VybF9wYWdlIiwic2V0dGluZ3MiOnsicG9zdF9pZCI6IjM0MzM2In19@&#8221; image=&#8221;http:\/\/bilirbasim.com.tr\/wp-content\/uploads\/2022\/10\/hediyelik-kutular-1-1.jpg&#8221; _builder_version=&#8221;4.27.4&#8243; _dynamic_attributes=&#8221;url&#8221; _module_preset=&#8221;default&#8221; header_level=&#8221;h2&#8243; header_font=&#8221;|700||on|||||&#8221; header_text_align=&#8221;center&#8221; body_font=&#8221;Poppins||||||||&#8221; body_text_align=&#8221;center&#8221; body_font_size=&#8221;15px&#8221; background_enable_color=&#8221;off&#8221; border_radii_image=&#8221;on|9px|9px|9px|9px&#8221; border_width_all_image=&#8221;1px&#8221; global_colors_info=&#8221;{}&#8221; background_color__hover=&#8221;#a89769&#8243; background_enable_color__hover=&#8221;on&#8221; header_text_color__hover_enabled=&#8221;off|desktop&#8221; header_text_color__hover=&#8221;#FFFFFF&#8221; body_text_color__hover_enabled=&#8221;off|desktop&#8221; body_text_color__hover=&#8221;#FFFFFF&#8221; image__hover_enabled=&#8221;off|desktop&#8221; image__hover=&#8221;http:\/\/bilirbasim.com.tr\/wp-content\/uploads\/2022\/10\/tatli-baklava-kutulari-1.jpg&#8221; image_icon_custom_padding__hover_enabled=&#8221;off|desktop&#8221; background__hover_enabled=&#8221;off|desktop&#8221;][\/et_pb_blurb][\/et_pb_column][et_pb_column type=&#8221;1_3&#8243; _builder_version=&#8221;4.18.0&#8243; _module_preset=&#8221;default&#8221; global_colors_info=&#8221;{}&#8221;][et_pb_blurb title=&#8221;BAKLAVA AND PASTRY BOXES&#8221; url=&#8221;@ET-DC@eyJkeW5hbWljIjp0cnVlLCJjb250ZW50IjoicG9zdF9saW5rX3VybF9wYWdlIiwic2V0dGluZ3MiOnsicG9zdF9pZCI6IjM0MzU4In19@&#8221; image=&#8221;http:\/\/bilirbasim.com.tr\/wp-content\/uploads\/2022\/10\/tatli-baklava-kutulari.jpg&#8221; _builder_version=&#8221;4.27.4&#8243; _dynamic_attributes=&#8221;url&#8221; _module_preset=&#8221;default&#8221; header_level=&#8221;h2&#8243; header_font=&#8221;|700||on|||||&#8221; header_text_align=&#8221;center&#8221; body_font=&#8221;Poppins||||||||&#8221; body_text_align=&#8221;center&#8221; body_font_size=&#8221;15px&#8221; background_enable_color=&#8221;off&#8221; border_radii_image=&#8221;on|9px|9px|9px|9px&#8221; border_width_all_image=&#8221;1px&#8221; global_colors_info=&#8221;{}&#8221; background__hover_enabled=&#8221;off|desktop&#8221;][\/et_pb_blurb][\/et_pb_column][et_pb_column type=&#8221;1_3&#8243; _builder_version=&#8221;4.18.0&#8243; _module_preset=&#8221;default&#8221; global_colors_info=&#8221;{}&#8221;][et_pb_blurb title=&#8221;SUSHI BOXES&#8221; url=&#8221;@ET-DC@eyJkeW5hbWljIjp0cnVlLCJjb250ZW50IjoicG9zdF9saW5rX3VybF9wYWdlIiwic2V0dGluZ3MiOnsicG9zdF9pZCI6IjM0MzY0In19@&#8221; image=&#8221;http:\/\/bilirbasim.com.tr\/wp-content\/uploads\/2022\/10\/sushi-kutusu-1-1.jpg&#8221; _builder_version=&#8221;4.27.4&#8243; _dynamic_attributes=&#8221;url&#8221; _module_preset=&#8221;default&#8221; header_level=&#8221;h2&#8243; header_font=&#8221;|700||on|||||&#8221; header_text_align=&#8221;center&#8221; body_font=&#8221;Poppins||||||||&#8221; body_text_align=&#8221;center&#8221; body_font_size=&#8221;15px&#8221; background_enable_color=&#8221;off&#8221; border_radii_image=&#8221;on|9px|9px|9px|9px&#8221; border_width_all_image=&#8221;1px&#8221; global_colors_info=&#8221;{}&#8221; background__hover_enabled=&#8221;off|desktop&#8221;][\/et_pb_blurb][\/et_pb_column][\/et_pb_row][et_pb_row column_structure=&#8221;1_3,1_3,1_3&#8243; _builder_version=&#8221;4.27.4&#8243; _module_preset=&#8221;default&#8221; custom_margin=&#8221;7px|auto||auto||&#8221; custom_padding=&#8221;8px||6px|||&#8221; animation_style=&#8221;flip&#8221; global_colors_info=&#8221;{}&#8221;][et_pb_column type=&#8221;1_3&#8243; _builder_version=&#8221;4.18.0&#8243; _module_preset=&#8221;default&#8221; global_colors_info=&#8221;{}&#8221;][et_pb_blurb title=&#8221;PAPER &amp; CARDBOARD BAG&#8221; url=&#8221;@ET-DC@eyJkeW5hbWljIjp0cnVlLCJjb250ZW50IjoicG9zdF9saW5rX3VybF9wYWdlIiwic2V0dGluZ3MiOnsicG9zdF9pZCI6IjM0MzY5In19@&#8221; image=&#8221;http:\/\/bilirbasim.com.tr\/wp-content\/uploads\/2022\/10\/karton-cantalar-1-1-1.jpg&#8221; _builder_version=&#8221;4.27.4&#8243; _dynamic_attributes=&#8221;url&#8221; _module_preset=&#8221;default&#8221; header_level=&#8221;h2&#8243; header_font=&#8221;|700||on|||||&#8221; header_text_align=&#8221;center&#8221; body_font=&#8221;Poppins||||||||&#8221; body_text_align=&#8221;center&#8221; body_font_size=&#8221;15px&#8221; background_enable_color=&#8221;off&#8221; border_radii_image=&#8221;on|9px|9px|9px|9px&#8221; border_width_all_image=&#8221;1px&#8221; global_colors_info=&#8221;{}&#8221; image__hover_enabled=&#8221;on|hover&#8221; background__hover_enabled=&#8221;off|desktop&#8221; image__hover=&#8221;http:\/\/bilirbasim.com.tr\/wp-content\/uploads\/2022\/10\/karton-cantalar-1-1-1.jpg&#8221;][\/et_pb_blurb][\/et_pb_column][et_pb_column type=&#8221;1_3&#8243; _builder_version=&#8221;4.18.0&#8243; _module_preset=&#8221;default&#8221; global_colors_info=&#8221;{}&#8221;][et_pb_blurb title=&#8221;FAST FOOD BOXES&#8221; url=&#8221;@ET-DC@eyJkeW5hbWljIjp0cnVlLCJjb250ZW50IjoicG9zdF9saW5rX3VybF9wYWdlIiwic2V0dGluZ3MiOnsicG9zdF9pZCI6IjM0MzgyIn19@&#8221; image=&#8221;http:\/\/bilirbasim.com.tr\/wp-content\/uploads\/2023\/01\/hamburger-kutulari-no-bg.png&#8221; _builder_version=&#8221;4.27.4&#8243; _dynamic_attributes=&#8221;url&#8221; _module_preset=&#8221;default&#8221; header_level=&#8221;h2&#8243; header_font=&#8221;|700||on|||||&#8221; header_text_align=&#8221;center&#8221; body_font=&#8221;Poppins||||||||&#8221; body_text_align=&#8221;center&#8221; body_font_size=&#8221;15px&#8221; background_enable_color=&#8221;off&#8221; border_radii_image=&#8221;on|9px|9px|9px|9px&#8221; border_width_all_image=&#8221;1px&#8221; global_colors_info=&#8221;{}&#8221; background__hover_enabled=&#8221;off|desktop&#8221;][\/et_pb_blurb][\/et_pb_column][et_pb_column type=&#8221;1_3&#8243; _builder_version=&#8221;4.18.0&#8243; _module_preset=&#8221;default&#8221; global_colors_info=&#8221;{}&#8221;][et_pb_blurb title=&#8221;PHARMACEUTICAL AND MEDICAL BOXES&#8221; url=&#8221;@ET-DC@eyJkeW5hbWljIjp0cnVlLCJjb250ZW50IjoicG9zdF9saW5rX3VybF9wYWdlIiwic2V0dGluZ3MiOnsicG9zdF9pZCI6IjM0MzkwIn19@&#8221; image=&#8221;http:\/\/bilirbasim.com.tr\/wp-content\/uploads\/2024\/12\/medi.jpg&#8221; _builder_version=&#8221;4.27.4&#8243; _dynamic_attributes=&#8221;url&#8221; _module_preset=&#8221;default&#8221; header_level=&#8221;h2&#8243; header_font=&#8221;|700||on|||||&#8221; header_text_align=&#8221;center&#8221; body_font=&#8221;Poppins||||||||&#8221; body_text_align=&#8221;center&#8221; body_font_size=&#8221;15px&#8221; background_enable_color=&#8221;off&#8221; border_radii_image=&#8221;on|9px|9px|9px|9px&#8221; border_width_all_image=&#8221;1px&#8221; global_colors_info=&#8221;{}&#8221; background__hover_enabled=&#8221;off|desktop&#8221;][\/et_pb_blurb][\/et_pb_column][\/et_pb_row][et_pb_row column_structure=&#8221;1_3,1_3,1_3&#8243; _builder_version=&#8221;4.18.0&#8243; _module_preset=&#8221;default&#8221; custom_padding=&#8221;||16px|||&#8221; global_colors_info=&#8221;{}&#8221;][et_pb_column type=&#8221;1_3&#8243; _builder_version=&#8221;4.18.0&#8243; _module_preset=&#8221;default&#8221; global_colors_info=&#8221;{}&#8221;][et_pb_blurb title=&#8221;COSMETIC BOXES&#8221; url=&#8221;@ET-DC@eyJkeW5hbWljIjp0cnVlLCJjb250ZW50IjoicG9zdF9saW5rX3VybF9wYWdlIiwic2V0dGluZ3MiOnsicG9zdF9pZCI6IjM0Mzc3In19@&#8221; image=&#8221;http:\/\/bilirbasim.com.tr\/wp-content\/uploads\/2024\/12\/kozmetik.jpg&#8221; _builder_version=&#8221;4.27.4&#8243; _dynamic_attributes=&#8221;url&#8221; _module_preset=&#8221;default&#8221; header_level=&#8221;h2&#8243; header_font=&#8221;|700||on|||||&#8221; header_text_align=&#8221;center&#8221; body_font=&#8221;Poppins||||||||&#8221; body_text_align=&#8221;center&#8221; body_font_size=&#8221;15px&#8221; background_enable_color=&#8221;off&#8221; border_radii_image=&#8221;on|9px|9px|9px|9px&#8221; border_width_all_image=&#8221;1px&#8221; global_colors_info=&#8221;{}&#8221; image__hover_enabled=&#8221;on|hover&#8221; background__hover_enabled=&#8221;off|desktop&#8221; image__hover=&#8221;http:\/\/bilirbasim.com.tr\/wp-content\/uploads\/2024\/12\/kozmetik.jpg&#8221;][\/et_pb_blurb][\/et_pb_column][et_pb_column type=&#8221;1_3&#8243; _builder_version=&#8221;4.18.0&#8243; _module_preset=&#8221;default&#8221; global_colors_info=&#8221;{}&#8221;][et_pb_blurb title=&#8221;SHIPPING AND PRODUCT TRANSPORT BOXES&#8221; url=&#8221;@ET-DC@eyJkeW5hbWljIjp0cnVlLCJjb250ZW50IjoicG9zdF9saW5rX3VybF9wYWdlIiwic2V0dGluZ3MiOnsicG9zdF9pZCI6IjM0NDAxIn19@&#8221; image=&#8221;http:\/\/bilirbasim.com.tr\/wp-content\/uploads\/2022\/10\/koli-ambalaj2-1-1.jpg&#8221; _builder_version=&#8221;4.27.4&#8243; _dynamic_attributes=&#8221;url&#8221; _module_preset=&#8221;default&#8221; header_level=&#8221;h2&#8243; header_font=&#8221;|700||on|||||&#8221; header_text_align=&#8221;center&#8221; body_font=&#8221;Poppins||||||||&#8221; body_text_align=&#8221;center&#8221; body_font_size=&#8221;15px&#8221; background_enable_color=&#8221;off&#8221; border_radii_image=&#8221;on|9px|9px|9px|9px&#8221; border_width_all_image=&#8221;1px&#8221; global_colors_info=&#8221;{}&#8221; background__hover_enabled=&#8221;off|desktop&#8221;][\/et_pb_blurb][\/et_pb_column][et_pb_column type=&#8221;1_3&#8243; _builder_version=&#8221;4.18.0&#8243; _module_preset=&#8221;default&#8221; global_colors_info=&#8221;{}&#8221;][et_pb_blurb title=&#8221;CATALOG&#8221; url=&#8221;@ET-DC@eyJkeW5hbWljIjp0cnVlLCJjb250ZW50IjoicG9zdF9saW5rX3VybF9wYWdlIiwic2V0dGluZ3MiOnsicG9zdF9pZCI6IjM0NDA3In19@&#8221; image=&#8221;http:\/\/bilirbasim.com.tr\/wp-content\/uploads\/2022\/10\/katalog-1-1.jpg&#8221; _builder_version=&#8221;4.27.4&#8243; _dynamic_attributes=&#8221;url&#8221; _module_preset=&#8221;default&#8221; header_level=&#8221;h2&#8243; header_font=&#8221;|700||on|||||&#8221; header_text_align=&#8221;center&#8221; body_font=&#8221;Poppins||||||||&#8221; body_text_align=&#8221;center&#8221; body_font_size=&#8221;15px&#8221; background_enable_color=&#8221;off&#8221; border_radii_image=&#8221;on|9px|9px|9px|9px&#8221; border_width_all_image=&#8221;1px&#8221; global_colors_info=&#8221;{}&#8221; background__hover_enabled=&#8221;off|desktop&#8221;][\/et_pb_blurb][\/et_pb_column][\/et_pb_row][et_pb_row column_structure=&#8221;1_3,1_3,1_3&#8243; _builder_version=&#8221;4.18.0&#8243; _module_preset=&#8221;default&#8221; custom_padding=&#8221;4px|||||&#8221; global_colors_info=&#8221;{}&#8221;][et_pb_column type=&#8221;1_3&#8243; _builder_version=&#8221;4.18.0&#8243; _module_preset=&#8221;default&#8221; global_colors_info=&#8221;{}&#8221;][et_pb_blurb title=&#8221;CALENDAR&#8221; url=&#8221;@ET-DC@eyJkeW5hbWljIjp0cnVlLCJjb250ZW50IjoicG9zdF9saW5rX3VybF9wYWdlIiwic2V0dGluZ3MiOnsicG9zdF9pZCI6IjM0NDExIn19@&#8221; image=&#8221;http:\/\/bilirbasim.com.tr\/wp-content\/uploads\/2022\/10\/takvimler.jpg&#8221; _builder_version=&#8221;4.27.4&#8243; _dynamic_attributes=&#8221;url&#8221; _module_preset=&#8221;default&#8221; header_level=&#8221;h2&#8243; header_font=&#8221;|700||on|||||&#8221; header_text_align=&#8221;center&#8221; body_font=&#8221;Poppins||||||||&#8221; body_text_align=&#8221;center&#8221; body_font_size=&#8221;15px&#8221; background_enable_color=&#8221;off&#8221; border_radii_image=&#8221;on|9px|9px|9px|9px&#8221; border_width_all_image=&#8221;1px&#8221; global_colors_info=&#8221;{}&#8221; image__hover_enabled=&#8221;on|hover&#8221; background__hover_enabled=&#8221;off|desktop&#8221; image__hover=&#8221;http:\/\/bilirbasim.com.tr\/wp-content\/uploads\/2022\/10\/takvimler.jpg&#8221;][\/et_pb_blurb][\/et_pb_column][et_pb_column type=&#8221;1_3&#8243; _builder_version=&#8221;4.18.0&#8243; _module_preset=&#8221;default&#8221; global_colors_info=&#8221;{}&#8221;][et_pb_blurb title=&#8221;DIARY &amp; PLANNER &amp; NOTEBOOK&#8221; url=&#8221;@ET-DC@eyJkeW5hbWljIjp0cnVlLCJjb250ZW50IjoicG9zdF9saW5rX3VybF9wYWdlIiwic2V0dGluZ3MiOnsicG9zdF9pZCI6IjM0NDIyIn19@&#8221; image=&#8221;http:\/\/bilirbasim.com.tr\/wp-content\/uploads\/2022\/10\/ajanda-1-1.jpg&#8221; _builder_version=&#8221;4.27.4&#8243; _dynamic_attributes=&#8221;url&#8221; _module_preset=&#8221;default&#8221; header_level=&#8221;h2&#8243; header_font=&#8221;|700||on|||||&#8221; header_text_align=&#8221;center&#8221; body_font=&#8221;Poppins||||||||&#8221; body_text_align=&#8221;center&#8221; body_font_size=&#8221;15px&#8221; background_enable_color=&#8221;off&#8221; border_radii_image=&#8221;on|9px|9px|9px|9px&#8221; border_width_all_image=&#8221;1px&#8221; global_colors_info=&#8221;{}&#8221; background__hover_enabled=&#8221;off|desktop&#8221;][\/et_pb_blurb][\/et_pb_column][et_pb_column type=&#8221;1_3&#8243; _builder_version=&#8221;4.18.0&#8243; _module_preset=&#8221;default&#8221; global_colors_info=&#8221;{}&#8221;][et_pb_blurb title=&#8221;LABEL &amp; THERMAL LABEL&#8221; url=&#8221;@ET-DC@eyJkeW5hbWljIjp0cnVlLCJjb250ZW50IjoicG9zdF9saW5rX3VybF9wYWdlIiwic2V0dGluZ3MiOnsicG9zdF9pZCI6IjM0NDI5In19@&#8221; image=&#8221;http:\/\/bilirbasim.com.tr\/wp-content\/uploads\/2024\/12\/rulo-termal-etiket.jpeg&#8221; _builder_version=&#8221;4.27.4&#8243; _dynamic_attributes=&#8221;url&#8221; _module_preset=&#8221;default&#8221; header_level=&#8221;h2&#8243; header_font=&#8221;|700||on|||||&#8221; header_text_align=&#8221;center&#8221; body_font=&#8221;Poppins||||||||&#8221; body_text_align=&#8221;center&#8221; body_font_size=&#8221;15px&#8221; background_enable_color=&#8221;off&#8221; border_radii_image=&#8221;on|9px|9px|9px|9px&#8221; border_width_all_image=&#8221;1px&#8221; global_colors_info=&#8221;{}&#8221; background__hover_enabled=&#8221;off|desktop&#8221;][\/et_pb_blurb][\/et_pb_column][\/et_pb_row][\/et_pb_section]<\/p>\n","protected":false},"excerpt":{"rendered":"<p>&#8220;Durable and Stylish Paper and Cardboard Bags&#8221; Custom-designed paper and cardboard bags carrying your brand combine aesthetics and durability. Our bags, produced from high-quality materials, are both environmentally friendly and functional. We offer solutions tailored to your needs with different size and design options. Ka\u011f\u0131t ve karton \u00e7anta \u00fcretiminde, pazar\u0131n\u0131za uygun \u015f\u0131kl\u0131\u011f\u0131 ve dayan\u0131kl\u0131l\u0131\u011f\u0131 sa\u011flamak [&hellip;]<\/p>\n","protected":false},"author":11,"featured_media":0,"parent":34310,"menu_order":4,"comment_status":"closed","ping_status":"closed","template":"","meta":{"_et_pb_use_builder":"on","_et_pb_old_content":"","_et_gb_content_width":"","footnotes":""},"class_list":["post-34370","page","type-page","status-publish","hentry"],"_links":{"self":[{"href":"https:\/\/bilirbasim.com.tr\/en\/wp-json\/wp\/v2\/pages\/34370","targetHints":{"allow":["GET"]}}],"collection":[{"href":"https:\/\/bilirbasim.com.tr\/en\/wp-json\/wp\/v2\/pages"}],"about":[{"href":"https:\/\/bilirbasim.com.tr\/en\/wp-json\/wp\/v2\/types\/page"}],"author":[{"embeddable":true,"href":"https:\/\/bilirbasim.com.tr\/en\/wp-json\/wp\/v2\/users\/11"}],"replies":[{"embeddable":true,"href":"https:\/\/bilirbasim.com.tr\/en\/wp-json\/wp\/v2\/comments?post=34370"}],"version-history":[{"count":0,"href":"https:\/\/bilirbasim.com.tr\/en\/wp-json\/wp\/v2\/pages\/34370\/revisions"}],"up":[{"embeddable":true,"href":"https:\/\/bilirbasim.com.tr\/en\/wp-json\/wp\/v2\/pages\/34310"}],"wp:attachment":[{"href":"https:\/\/bilirbasim.com.tr\/en\/wp-json\/wp\/v2\/media?parent=34370"}],"curies":[{"name":"wp","href":"https:\/\/api.w.org\/{rel}","templated":true}]}}